{"id":677,"date":"2024-12-11T09:48:22","date_gmt":"2024-12-11T12:48:22","guid":{"rendered":"https:\/\/elismagalhaes.com.br\/?page_id=677"},"modified":"2025-09-15T11:34:43","modified_gmt":"2025-09-15T14:34:43","slug":"sobre-nos","status":"publish","type":"page","link":"https:\/\/elismagalhaes.com.br\/index.php\/sobre-nos\/","title":{"rendered":"Sobre n\u00f3s"},"content":{"rendered":"\t\t<div data-elementor-type=\"wp-page\" data-elementor-id=\"677\" class=\"elementor elementor-677\" data-elementor-post-type=\"page\">\n\t\t\t\t<div class=\"elementor-element elementor-element-69db8deb e-flex e-con-boxed e-con e-parent\" data-id=\"69db8deb\" data-element_type=\"container\" data-core-v316-plus=\"true\">\n\t\t\t\t\t<div class=\"e-con-inner\">\n\t\t<div class=\"elementor-element elementor-element-30cf86dd e-con-full e-flex e-con e-child\" data-id=\"30cf86dd\" data-element_type=\"container\">\n\t\t\t\t<div class=\"elementor-element elementor-element-e467147 elementor-widget elementor-widget-image\" data-id=\"e467147\" data-element_type=\"widget\" data-widget_type=\"image.default\">\n\t\t\t\t<div class=\"elementor-widget-container\">\n\t\t\t<style>\/*! elementor - v3.20.0 - 26-03-2024 *\/\n.elementor-widget-image{text-align:center}.elementor-widget-image a{display:inline-block}.elementor-widget-image a img[src$=\".svg\"]{width:48px}.elementor-widget-image img{vertical-align:middle;display:inline-block}<\/style>\t\t\t\t\t\t\t\t\t\t<img fetchpriority=\"high\" decoding=\"async\" width=\"683\" height=\"1024\" src=\"https:\/\/elismagalhaes.com.br\/wp-content\/uploads\/2025\/09\/elis-magalhaes-683x1024.webp\" class=\"attachment-large size-large wp-image-724\" alt=\"\" srcset=\"https:\/\/elismagalhaes.com.br\/wp-content\/uploads\/2025\/09\/elis-magalhaes-683x1024.webp 683w, https:\/\/elismagalhaes.com.br\/wp-content\/uploads\/2025\/09\/elis-magalhaes-200x300.webp 200w, https:\/\/elismagalhaes.com.br\/wp-content\/uploads\/2025\/09\/elis-magalhaes-768x1152.webp 768w, https:\/\/elismagalhaes.com.br\/wp-content\/uploads\/2025\/09\/elis-magalhaes-1024x1536.webp 1024w, https:\/\/elismagalhaes.com.br\/wp-content\/uploads\/2025\/09\/elis-magalhaes-1365x2048.webp 1365w, https:\/\/elismagalhaes.com.br\/wp-content\/uploads\/2025\/09\/elis-magalhaes-scaled.webp 1707w\" sizes=\"(max-width: 683px) 100vw, 683px\" \/>\t\t\t\t\t\t\t\t\t\t\t\t\t<\/div>\n\t\t\t\t<\/div>\n\t\t\t\t<\/div>\n\t\t<div class=\"elementor-element elementor-element-59fbe5d7 e-con-full e-flex e-con e-child\" data-id=\"59fbe5d7\" data-element_type=\"container\">\n\t\t\t\t<div class=\"elementor-element elementor-element-2dc60032 elementor-widget elementor-widget-text-editor\" data-id=\"2dc60032\" data-element_type=\"widget\" data-widget_type=\"text-editor.default\">\n\t\t\t\t<div class=\"elementor-widget-container\">\n\t\t\t<style>\/*! elementor - v3.20.0 - 26-03-2024 *\/\n.elementor-widget-text-editor.elementor-drop-cap-view-stacked .elementor-drop-cap{background-color:#69727d;color:#fff}.elementor-widget-text-editor.elementor-drop-cap-view-framed .elementor-drop-cap{color:#69727d;border:3px solid;background-color:transparent}.elementor-widget-text-editor:not(.elementor-drop-cap-view-default) .elementor-drop-cap{margin-top:8px}.elementor-widget-text-editor:not(.elementor-drop-cap-view-default) .elementor-drop-cap-letter{width:1em;height:1em}.elementor-widget-text-editor .elementor-drop-cap{float:left;text-align:center;line-height:1;font-size:50px}.elementor-widget-text-editor .elementor-drop-cap-letter{display:inline-block}<\/style>\t\t\t\t<p>Sou fot\u00f3grafa h\u00e1 mais de 8 anos e, desde o in\u00edcio da minha jornada, descobri que a fotografia \u00e9 muito mais do que capturar imagens; \u00e9 contar hist\u00f3rias, registrar emo\u00e7\u00f5es e eternizar momentos. Meu foco est\u00e1 em coberturas de eventos e retratos corporativos, \u00e1reas onde consigo unir t\u00e9cnica e sensibilidade para trazer \u00e0 tona a ess\u00eancia de cada pessoa e ocasi\u00e3o.<\/p><p>Sou formada em Marketing e Fotografia, o que me proporciona uma vis\u00e3o estrat\u00e9gica sobre como criar imagens impactantes, que se conectem com o p\u00fablico e valorizem marcas, pessoas e momentos. Essa forma\u00e7\u00e3o me permite oferecer um trabalho que vai al\u00e9m da est\u00e9tica, entregando resultados que realmente fazem diferen\u00e7a.<\/p><p>Al\u00e9m disso, sou empreendedora e lidero uma ag\u00eancia de comunica\u00e7\u00e3o visual e m\u00eddias sociais, onde trabalho com uma equipe incr\u00edvel de fot\u00f3grafos e videomakers. Juntos, entregamos projetos completos, sempre priorizando qualidade, criatividade e o impacto visual que nossos clientes precisam.<\/p><p>Acredito que a fotografia tem o poder de conectar pessoas e marcas, de transformar momentos simples em mem\u00f3rias inesquec\u00edveis. \u00c9 isso que me move todos os dias: criar algo \u00fanico, que fa\u00e7a sentido para quem confia no meu trabalho.<\/p><p>Se voc\u00ea busca imagens que contam hist\u00f3rias, refletem autenticidade e destacam sua marca ou evento, ser\u00e1 um prazer fazer parte do seu projeto!<\/p>\t\t\t\t\t\t<\/div>\n\t\t\t\t<\/div>\n\t\t\t\t<div class=\"elementor-element elementor-element-b5b8e66 elementor-widget elementor-widget-heading\" data-id=\"b5b8e66\" data-element_type=\"widget\" data-widget_type=\"heading.default\">\n\t\t\t\t<div class=\"elementor-widget-container\">\n\t\t\t<style>\/*! elementor - v3.20.0 - 26-03-2024 *\/\n.elementor-heading-title{padding:0;margin:0;line-height:1}.elementor-widget-heading .elementor-heading-title[class*=elementor-size-]>a{color:inherit;font-size:inherit;line-height:inherit}.elementor-widget-heading .elementor-heading-title.elementor-size-small{font-size:15px}.elementor-widget-heading .elementor-heading-title.elementor-size-medium{font-size:19px}.elementor-widget-heading .elementor-heading-title.elementor-size-large{font-size:29px}.elementor-widget-heading .elementor-heading-title.elementor-size-xl{font-size:39px}.elementor-widget-heading .elementor-heading-title.elementor-size-xxl{font-size:59px}<\/style><h2 class=\"elementor-heading-title elementor-size-default\">Elis Magalh\u00e3es<\/h2>\t\t<\/div>\n\t\t\t\t<\/div>\n\t\t\t\t<\/div>\n\t\t\t\t\t<\/div>\n\t\t\t\t<\/div>\n\t\t<div class=\"elementor-element elementor-element-4add6a33 e-flex e-con-boxed e-con e-parent\" data-id=\"4add6a33\" data-element_type=\"container\" data-core-v316-plus=\"true\">\n\t\t\t\t\t<div class=\"e-con-inner\">\n\t\t\t\t<div class=\"elementor-element elementor-element-6c29a137 elementor-widget elementor-widget-heading\" data-id=\"6c29a137\" data-element_type=\"widget\" data-widget_type=\"heading.default\">\n\t\t\t\t<div class=\"elementor-widget-container\">\n\t\t\t<h2 class=\"elementor-heading-title elementor-size-default\">Eventos realizados recentemente<\/h2>\t\t<\/div>\n\t\t\t\t<\/div>\n\t\t\t\t<div class=\"elementor-element elementor-element-2fad291 elementor-grid-3 elementor-grid-tablet-2 elementor-grid-mobile-1 elementor-posts--thumbnail-top elementor-widget elementor-widget-posts\" data-id=\"2fad291\" data-element_type=\"widget\" data-settings=\"{&quot;classic_columns&quot;:&quot;3&quot;,&quot;classic_columns_tablet&quot;:&quot;2&quot;,&quot;classic_columns_mobile&quot;:&quot;1&quot;,&quot;classic_row_gap&quot;:{&quot;unit&quot;:&quot;px&quot;,&quot;size&quot;:35,&quot;sizes&quot;:[]},&quot;classic_row_gap_tablet&quot;:{&quot;unit&quot;:&quot;px&quot;,&quot;size&quot;:&quot;&quot;,&quot;sizes&quot;:[]},&quot;classic_row_gap_mobile&quot;:{&quot;unit&quot;:&quot;px&quot;,&quot;size&quot;:&quot;&quot;,&quot;sizes&quot;:[]}}\" data-widget_type=\"posts.classic\">\n\t\t\t\t<div class=\"elementor-widget-container\">\n\t\t\t<link rel=\"stylesheet\" href=\"https:\/\/elismagalhaes.com.br\/wp-content\/plugins\/elementor-pro\/assets\/css\/widget-posts.min.css\">\t\t<div class=\"elementor-posts-container elementor-posts elementor-posts--skin-classic elementor-grid\">\n\t\t\t\t<article class=\"elementor-post elementor-grid-item post-741 post type-post status-publish format-standard has-post-thumbnail hentry category-blog entry has-media\">\n\t\t\t\t<a class=\"elementor-post__thumbnail__link\" href=\"https:\/\/elismagalhaes.com.br\/index.php\/2025\/09\/22\/festa-do-ibr-uma-tarde-de-conexoes-e-inspiracao\/\" tabindex=\"-1\" >\n\t\t\t<div class=\"elementor-post__thumbnail\"><img decoding=\"async\" width=\"2048\" height=\"1365\" src=\"https:\/\/elismagalhaes.com.br\/wp-content\/uploads\/2025\/09\/Festa-IBR.jpg\" class=\"attachment-full size-full wp-image-742\" alt=\"\" srcset=\"https:\/\/elismagalhaes.com.br\/wp-content\/uploads\/2025\/09\/Festa-IBR.jpg 2048w, https:\/\/elismagalhaes.com.br\/wp-content\/uploads\/2025\/09\/Festa-IBR-300x200.jpg 300w, https:\/\/elismagalhaes.com.br\/wp-content\/uploads\/2025\/09\/Festa-IBR-1024x683.jpg 1024w, https:\/\/elismagalhaes.com.br\/wp-content\/uploads\/2025\/09\/Festa-IBR-768x512.jpg 768w, https:\/\/elismagalhaes.com.br\/wp-content\/uploads\/2025\/09\/Festa-IBR-1536x1024.jpg 1536w\" sizes=\"(max-width: 2048px) 100vw, 2048px\" \/><\/div>\n\t\t<\/a>\n\t\t\t\t<div class=\"elementor-post__text\">\n\t\t\t\t<h3 class=\"elementor-post__title\">\n\t\t\t<a href=\"https:\/\/elismagalhaes.com.br\/index.php\/2025\/09\/22\/festa-do-ibr-uma-tarde-de-conexoes-e-inspiracao\/\" >\n\t\t\t\tFesta do IBR: Uma Tarde de Conex\u00f5es e Inspira\u00e7\u00e3o\t\t\t<\/a>\n\t\t<\/h3>\n\t\t\t\t<div class=\"elementor-post__excerpt\">\n\t\t\t<p>No dia 04 de fevereiro de 2025, vivi uma tarde inesquec\u00edvel no Restaurante Casa Capim Santo, localizado dentro do Instituto Tomie Ohtake. A festa, promovida pelo Instituto Bia Rabinovich (IBR), reuniu diversos institutos parceiros em um encontro marcado por alegria, aprendizado e celebra\u00e7\u00e3o de prop\u00f3sitos que transformam vidas. Tive a<\/p>\n\t\t<\/div>\n\t\t\n\t\t<a class=\"elementor-post__read-more\" href=\"https:\/\/elismagalhaes.com.br\/index.php\/2025\/09\/22\/festa-do-ibr-uma-tarde-de-conexoes-e-inspiracao\/\" aria-label=\"Read more about Festa do IBR: Uma Tarde de Conex\u00f5es e Inspira\u00e7\u00e3o\" tabindex=\"-1\" >\n\t\t\t\t\t<\/a>\n\n\t\t\t\t<\/div>\n\t\t\t\t<\/article>\n\t\t\t\t<article class=\"elementor-post elementor-grid-item post-738 post type-post status-publish format-standard has-post-thumbnail hentry category-blog entry has-media\">\n\t\t\t\t<a class=\"elementor-post__thumbnail__link\" href=\"https:\/\/elismagalhaes.com.br\/index.php\/2025\/09\/22\/ebulicao-2025-tres-dias-de-inspiracao-conexoes-e-aprendizado\/\" tabindex=\"-1\" >\n\t\t\t<div class=\"elementor-post__thumbnail\"><img decoding=\"async\" width=\"1280\" height=\"853\" src=\"https:\/\/elismagalhaes.com.br\/wp-content\/uploads\/2025\/09\/EBULICAO.jpg\" class=\"attachment-full size-full wp-image-739\" alt=\"\" srcset=\"https:\/\/elismagalhaes.com.br\/wp-content\/uploads\/2025\/09\/EBULICAO.jpg 1280w, https:\/\/elismagalhaes.com.br\/wp-content\/uploads\/2025\/09\/EBULICAO-300x200.jpg 300w, https:\/\/elismagalhaes.com.br\/wp-content\/uploads\/2025\/09\/EBULICAO-1024x682.jpg 1024w, https:\/\/elismagalhaes.com.br\/wp-content\/uploads\/2025\/09\/EBULICAO-768x512.jpg 768w\" sizes=\"(max-width: 1280px) 100vw, 1280px\" \/><\/div>\n\t\t<\/a>\n\t\t\t\t<div class=\"elementor-post__text\">\n\t\t\t\t<h3 class=\"elementor-post__title\">\n\t\t\t<a href=\"https:\/\/elismagalhaes.com.br\/index.php\/2025\/09\/22\/ebulicao-2025-tres-dias-de-inspiracao-conexoes-e-aprendizado\/\" >\n\t\t\t\tEbuli\u00e7\u00e3o 2025: Tr\u00eas Dias de Inspira\u00e7\u00e3o, Conex\u00f5es e Aprendizado\t\t\t<\/a>\n\t\t<\/h3>\n\t\t\t\t<div class=\"elementor-post__excerpt\">\n\t\t\t<p>Nos dias 30 e 31 de janeiro e 01 de fevereiro de 2025, vivi uma experi\u00eancia inesquec\u00edvel no Ebuli\u00e7\u00e3o 2025. Foram tr\u00eas dias intensos de conhecimento, inspira\u00e7\u00e3o e networking, que trouxeram n\u00e3o apenas novas ideias, mas tamb\u00e9m uma energia transformadora para minha jornada profissional e pessoal. O evento reuniu empreendedores,<\/p>\n\t\t<\/div>\n\t\t\n\t\t<a class=\"elementor-post__read-more\" href=\"https:\/\/elismagalhaes.com.br\/index.php\/2025\/09\/22\/ebulicao-2025-tres-dias-de-inspiracao-conexoes-e-aprendizado\/\" aria-label=\"Read more about Ebuli\u00e7\u00e3o 2025: Tr\u00eas Dias de Inspira\u00e7\u00e3o, Conex\u00f5es e Aprendizado\" tabindex=\"-1\" >\n\t\t\t\t\t<\/a>\n\n\t\t\t\t<\/div>\n\t\t\t\t<\/article>\n\t\t\t\t<article class=\"elementor-post elementor-grid-item post-718 post type-post status-publish format-standard has-post-thumbnail hentry category-blog entry has-media\">\n\t\t\t\t<a class=\"elementor-post__thumbnail__link\" href=\"https:\/\/elismagalhaes.com.br\/index.php\/2025\/01\/08\/uma-noite-de-excelencia-no-theatro-municipal\/\" tabindex=\"-1\" >\n\t\t\t<div class=\"elementor-post__thumbnail\"><img loading=\"lazy\" decoding=\"async\" width=\"2048\" height=\"1365\" src=\"https:\/\/elismagalhaes.com.br\/wp-content\/uploads\/2025\/01\/premio.jpg\" class=\"attachment-full size-full wp-image-719\" alt=\"\" srcset=\"https:\/\/elismagalhaes.com.br\/wp-content\/uploads\/2025\/01\/premio.jpg 2048w, https:\/\/elismagalhaes.com.br\/wp-content\/uploads\/2025\/01\/premio-300x200.jpg 300w, https:\/\/elismagalhaes.com.br\/wp-content\/uploads\/2025\/01\/premio-1024x683.jpg 1024w, https:\/\/elismagalhaes.com.br\/wp-content\/uploads\/2025\/01\/premio-768x512.jpg 768w, https:\/\/elismagalhaes.com.br\/wp-content\/uploads\/2025\/01\/premio-1536x1024.jpg 1536w\" sizes=\"(max-width: 2048px) 100vw, 2048px\" \/><\/div>\n\t\t<\/a>\n\t\t\t\t<div class=\"elementor-post__text\">\n\t\t\t\t<h3 class=\"elementor-post__title\">\n\t\t\t<a href=\"https:\/\/elismagalhaes.com.br\/index.php\/2025\/01\/08\/uma-noite-de-excelencia-no-theatro-municipal\/\" >\n\t\t\t\tUma Noite de Excel\u00eancia no Theatro Municipal\t\t\t<\/a>\n\t\t<\/h3>\n\t\t\t\t<div class=\"elementor-post__excerpt\">\n\t\t\t<p>No dia 02 de dezembro de 2024, tive a alegria e o privil\u00e9gio de prestigiar minha querida amiga Maria Cecilia Parasmo, que foi reconhecida no palco do Theatro Municipal de S\u00e3o Paulo com o Pr\u00eamio Excel\u00eancia Mulher 2024. Foi uma noite memor\u00e1vel, marcada por homenagens e celebra\u00e7\u00f5es de mulheres que<\/p>\n\t\t<\/div>\n\t\t\n\t\t<a class=\"elementor-post__read-more\" href=\"https:\/\/elismagalhaes.com.br\/index.php\/2025\/01\/08\/uma-noite-de-excelencia-no-theatro-municipal\/\" aria-label=\"Read more about Uma Noite de Excel\u00eancia no Theatro Municipal\" tabindex=\"-1\" >\n\t\t\t\t\t<\/a>\n\n\t\t\t\t<\/div>\n\t\t\t\t<\/article>\n\t\t\t\t<article class=\"elementor-post elementor-grid-item post-715 post type-post status-publish format-standard has-post-thumbnail hentry category-blog entry has-media\">\n\t\t\t\t<a class=\"elementor-post__thumbnail__link\" href=\"https:\/\/elismagalhaes.com.br\/index.php\/2025\/01\/08\/registro-da-formatura-do-instituto-capim-santo-projeto-cozinha-do-amanha-sp\/\" tabindex=\"-1\" >\n\t\t\t<div class=\"elementor-post__thumbnail\"><img loading=\"lazy\" decoding=\"async\" width=\"2048\" height=\"1365\" src=\"https:\/\/elismagalhaes.com.br\/wp-content\/uploads\/2025\/01\/formatura.jpg\" class=\"attachment-full size-full wp-image-716\" alt=\"\" srcset=\"https:\/\/elismagalhaes.com.br\/wp-content\/uploads\/2025\/01\/formatura.jpg 2048w, https:\/\/elismagalhaes.com.br\/wp-content\/uploads\/2025\/01\/formatura-300x200.jpg 300w, https:\/\/elismagalhaes.com.br\/wp-content\/uploads\/2025\/01\/formatura-1024x683.jpg 1024w, https:\/\/elismagalhaes.com.br\/wp-content\/uploads\/2025\/01\/formatura-768x512.jpg 768w, https:\/\/elismagalhaes.com.br\/wp-content\/uploads\/2025\/01\/formatura-1536x1024.jpg 1536w\" sizes=\"(max-width: 2048px) 100vw, 2048px\" \/><\/div>\n\t\t<\/a>\n\t\t\t\t<div class=\"elementor-post__text\">\n\t\t\t\t<h3 class=\"elementor-post__title\">\n\t\t\t<a href=\"https:\/\/elismagalhaes.com.br\/index.php\/2025\/01\/08\/registro-da-formatura-do-instituto-capim-santo-projeto-cozinha-do-amanha-sp\/\" >\n\t\t\t\tRegistro da Formatura do Instituto Capim Santo &#8211; Projeto Cozinha do Amanh\u00e3 SP\t\t\t<\/a>\n\t\t<\/h3>\n\t\t\t\t<div class=\"elementor-post__excerpt\">\n\t\t\t<p>No dia 29 de novembro de 2024, tivemos o privil\u00e9gio de fotografar a emocionante formatura do Instituto Capim Santo, realizada na Faculdade Anhembi Morumbi. O Projeto Cozinha do Amanh\u00e3 SP celebra o poder transformador da gastronomia, proporcionando oportunidades e abrindo portas para um futuro promissor. Foi uma tarde cheia de<\/p>\n\t\t<\/div>\n\t\t\n\t\t<a class=\"elementor-post__read-more\" href=\"https:\/\/elismagalhaes.com.br\/index.php\/2025\/01\/08\/registro-da-formatura-do-instituto-capim-santo-projeto-cozinha-do-amanha-sp\/\" aria-label=\"Read more about Registro da Formatura do Instituto Capim Santo &#8211; Projeto Cozinha do Amanh\u00e3 SP\" tabindex=\"-1\" >\n\t\t\t\t\t<\/a>\n\n\t\t\t\t<\/div>\n\t\t\t\t<\/article>\n\t\t\t\t<article class=\"elementor-post elementor-grid-item post-712 post type-post status-publish format-standard has-post-thumbnail hentry category-blog entry has-media\">\n\t\t\t\t<a class=\"elementor-post__thumbnail__link\" href=\"https:\/\/elismagalhaes.com.br\/index.php\/2025\/01\/08\/registro-do-premio-cozinhas-infancias-no-anhembi\/\" tabindex=\"-1\" >\n\t\t\t<div class=\"elementor-post__thumbnail\"><img loading=\"lazy\" decoding=\"async\" width=\"2560\" height=\"1707\" src=\"https:\/\/elismagalhaes.com.br\/wp-content\/uploads\/2025\/01\/IMG_7542-scaled.jpg\" class=\"attachment-full size-full wp-image-713\" alt=\"\" srcset=\"https:\/\/elismagalhaes.com.br\/wp-content\/uploads\/2025\/01\/IMG_7542-scaled.jpg 2560w, https:\/\/elismagalhaes.com.br\/wp-content\/uploads\/2025\/01\/IMG_7542-300x200.jpg 300w, https:\/\/elismagalhaes.com.br\/wp-content\/uploads\/2025\/01\/IMG_7542-1024x683.jpg 1024w, https:\/\/elismagalhaes.com.br\/wp-content\/uploads\/2025\/01\/IMG_7542-768x512.jpg 768w, https:\/\/elismagalhaes.com.br\/wp-content\/uploads\/2025\/01\/IMG_7542-1536x1024.jpg 1536w, https:\/\/elismagalhaes.com.br\/wp-content\/uploads\/2025\/01\/IMG_7542-2048x1365.jpg 2048w\" sizes=\"(max-width: 2560px) 100vw, 2560px\" \/><\/div>\n\t\t<\/a>\n\t\t\t\t<div class=\"elementor-post__text\">\n\t\t\t\t<h3 class=\"elementor-post__title\">\n\t\t\t<a href=\"https:\/\/elismagalhaes.com.br\/index.php\/2025\/01\/08\/registro-do-premio-cozinhas-infancias-no-anhembi\/\" >\n\t\t\t\tRegistro do Pr\u00eamio Cozinhas &#038; Inf\u00e2ncias no Anhembi\t\t\t<\/a>\n\t\t<\/h3>\n\t\t\t\t<div class=\"elementor-post__excerpt\">\n\t\t\t<p>No dia 27 de novembro de 2024, tivemos a honra de fotografar o Pr\u00eamio Cozinhas &amp; Inf\u00e2ncias, realizado no Anhembi. O evento, que celebra projetos e iniciativas que transformam vidas por meio da gastronomia e da inf\u00e2ncia, foi repleto de momentos emocionantes e inspiradores. Cada detalhe foi registrado com cuidado,<\/p>\n\t\t<\/div>\n\t\t\n\t\t<a class=\"elementor-post__read-more\" href=\"https:\/\/elismagalhaes.com.br\/index.php\/2025\/01\/08\/registro-do-premio-cozinhas-infancias-no-anhembi\/\" aria-label=\"Read more about Registro do Pr\u00eamio Cozinhas &#038; Inf\u00e2ncias no Anhembi\" tabindex=\"-1\" >\n\t\t\t\t\t<\/a>\n\n\t\t\t\t<\/div>\n\t\t\t\t<\/article>\n\t\t\t\t<article class=\"elementor-post elementor-grid-item post-709 post type-post status-publish format-standard has-post-thumbnail hentry category-blog entry has-media\">\n\t\t\t\t<a class=\"elementor-post__thumbnail__link\" href=\"https:\/\/elismagalhaes.com.br\/index.php\/2025\/01\/08\/homenagem-ao-compromisso-filantropico-de-davi-marim-no-46o-bpm-m\/\" tabindex=\"-1\" >\n\t\t\t<div class=\"elementor-post__thumbnail\"><img loading=\"lazy\" decoding=\"async\" width=\"1280\" height=\"853\" src=\"https:\/\/elismagalhaes.com.br\/wp-content\/uploads\/2025\/01\/premiacao-davi.jpg\" class=\"attachment-full size-full wp-image-710\" alt=\"\" srcset=\"https:\/\/elismagalhaes.com.br\/wp-content\/uploads\/2025\/01\/premiacao-davi.jpg 1280w, https:\/\/elismagalhaes.com.br\/wp-content\/uploads\/2025\/01\/premiacao-davi-300x200.jpg 300w, https:\/\/elismagalhaes.com.br\/wp-content\/uploads\/2025\/01\/premiacao-davi-1024x682.jpg 1024w, https:\/\/elismagalhaes.com.br\/wp-content\/uploads\/2025\/01\/premiacao-davi-768x512.jpg 768w\" sizes=\"(max-width: 1280px) 100vw, 1280px\" \/><\/div>\n\t\t<\/a>\n\t\t\t\t<div class=\"elementor-post__text\">\n\t\t\t\t<h3 class=\"elementor-post__title\">\n\t\t\t<a href=\"https:\/\/elismagalhaes.com.br\/index.php\/2025\/01\/08\/homenagem-ao-compromisso-filantropico-de-davi-marim-no-46o-bpm-m\/\" >\n\t\t\t\tHomenagem ao Compromisso Filantr\u00f3pico de Davi Marim no 46\u00ba BPM\/M\t\t\t<\/a>\n\t\t<\/h3>\n\t\t\t\t<div class=\"elementor-post__excerpt\">\n\t\t\t<p>No dia 27 de novembro de 2024, tive a honra de acompanhar e registrar um momento marcante na trajet\u00f3ria de Davi Marim. Ele foi homenageado pelo 46\u00ba BPM\/M, em reconhecimento ao seu compromisso filantr\u00f3pico e \u00e0 sua significativa contribui\u00e7\u00e3o para o progresso da cidade de S\u00e3o Paulo. Essa homenagem reflete<\/p>\n\t\t<\/div>\n\t\t\n\t\t<a class=\"elementor-post__read-more\" href=\"https:\/\/elismagalhaes.com.br\/index.php\/2025\/01\/08\/homenagem-ao-compromisso-filantropico-de-davi-marim-no-46o-bpm-m\/\" aria-label=\"Read more about Homenagem ao Compromisso Filantr\u00f3pico de Davi Marim no 46\u00ba BPM\/M\" tabindex=\"-1\" >\n\t\t\t\t\t<\/a>\n\n\t\t\t\t<\/div>\n\t\t\t\t<\/article>\n\t\t\t\t<\/div>\n\t\t\n\t\t\t\t<\/div>\n\t\t\t\t<\/div>\n\t\t\t\t\t<\/div>\n\t\t\t\t<\/div>\n\t\t\t\t<\/div>\n\t\t","protected":false},"excerpt":{"rendered":"<p>Sou fot\u00f3grafa h\u00e1 mais de 8 anos e, desde o in\u00edcio da minha jornada, descobri que a fotografia \u00e9 muito mais do que capturar imagens; \u00e9 contar hist\u00f3rias, registrar emo\u00e7\u00f5es e eternizar momentos. Meu foco est\u00e1 em coberturas de eventos e retratos corporativos, \u00e1reas onde consigo unir t\u00e9cnica e sensibilidade para trazer \u00e0 tona a [&hellip;]<\/p>\n","protected":false},"author":2,"featured_media":0,"parent":0,"menu_order":0,"comment_status":"closed","ping_status":"closed","template":"elementor_header_footer","meta":{"footnotes":""},"_links":{"self":[{"href":"https:\/\/elismagalhaes.com.br\/index.php\/wp-json\/wp\/v2\/pages\/677"}],"collection":[{"href":"https:\/\/elismagalhaes.com.br\/index.php\/wp-json\/wp\/v2\/pages"}],"about":[{"href":"https:\/\/elismagalhaes.com.br\/index.php\/wp-json\/wp\/v2\/types\/page"}],"author":[{"embeddable":true,"href":"https:\/\/elismagalhaes.com.br\/index.php\/wp-json\/wp\/v2\/users\/2"}],"replies":[{"embeddable":true,"href":"https:\/\/elismagalhaes.com.br\/index.php\/wp-json\/wp\/v2\/comments?post=677"}],"version-history":[{"count":13,"href":"https:\/\/elismagalhaes.com.br\/index.php\/wp-json\/wp\/v2\/pages\/677\/revisions"}],"predecessor-version":[{"id":728,"href":"https:\/\/elismagalhaes.com.br\/index.php\/wp-json\/wp\/v2\/pages\/677\/revisions\/728"}],"wp:attachment":[{"href":"https:\/\/elismagalhaes.com.br\/index.php\/wp-json\/wp\/v2\/media?parent=677"}],"curies":[{"name":"wp","href":"https:\/\/api.w.org\/{rel}","templated":true}]}}