{"id":499,"date":"2024-05-27T21:24:45","date_gmt":"2024-05-28T00:24:45","guid":{"rendered":"https:\/\/elismagalhaes.com.br\/?page_id=499"},"modified":"2024-09-30T22:27:17","modified_gmt":"2024-10-01T01:27:17","slug":"blog","status":"publish","type":"page","link":"https:\/\/elismagalhaes.com.br\/index.php\/blog\/","title":{"rendered":"Blog"},"content":{"rendered":"\t\t<div data-elementor-type=\"wp-page\" data-elementor-id=\"499\" class=\"elementor elementor-499\" data-elementor-post-type=\"page\">\n\t\t\t\t<div class=\"elementor-element elementor-element-5da7ad0 e-flex e-con-boxed e-con e-parent\" data-id=\"5da7ad0\" data-element_type=\"container\" data-core-v316-plus=\"true\">\n\t\t\t\t\t<div class=\"e-con-inner\">\n\t\t\t\t<div class=\"elementor-element elementor-element-a166ad0 elementor-widget elementor-widget-heading\" data-id=\"a166ad0\" data-element_type=\"widget\" data-widget_type=\"heading.default\">\n\t\t\t\t<div class=\"elementor-widget-container\">\n\t\t\t<style>\/*! elementor - v3.20.0 - 26-03-2024 *\/\n.elementor-heading-title{padding:0;margin:0;line-height:1}.elementor-widget-heading .elementor-heading-title[class*=elementor-size-]>a{color:inherit;font-size:inherit;line-height:inherit}.elementor-widget-heading .elementor-heading-title.elementor-size-small{font-size:15px}.elementor-widget-heading .elementor-heading-title.elementor-size-medium{font-size:19px}.elementor-widget-heading .elementor-heading-title.elementor-size-large{font-size:29px}.elementor-widget-heading .elementor-heading-title.elementor-size-xl{font-size:39px}.elementor-widget-heading .elementor-heading-title.elementor-size-xxl{font-size:59px}<\/style><h2 class=\"elementor-heading-title elementor-size-default\">Blog<\/h2>\t\t<\/div>\n\t\t\t\t<\/div>\n\t\t\t\t\t<\/div>\n\t\t\t\t<\/div>\n\t\t<div class=\"elementor-element elementor-element-ab5e7d0 e-flex e-con-boxed e-con e-parent\" data-id=\"ab5e7d0\" data-element_type=\"container\" data-core-v316-plus=\"true\">\n\t\t\t\t\t<div class=\"e-con-inner\">\n\t\t\t\t<div class=\"elementor-element elementor-element-565e102 elementor-grid-3 elementor-grid-tablet-2 elementor-grid-mobile-1 elementor-posts--thumbnail-top elementor-widget elementor-widget-posts\" data-id=\"565e102\" data-element_type=\"widget\" data-settings=\"{&quot;pagination_type&quot;:&quot;load_more_infinite_scroll&quot;,&quot;classic_columns&quot;:&quot;3&quot;,&quot;classic_columns_tablet&quot;:&quot;2&quot;,&quot;classic_columns_mobile&quot;:&quot;1&quot;,&quot;classic_row_gap&quot;:{&quot;unit&quot;:&quot;px&quot;,&quot;size&quot;:35,&quot;sizes&quot;:[]},&quot;classic_row_gap_tablet&quot;:{&quot;unit&quot;:&quot;px&quot;,&quot;size&quot;:&quot;&quot;,&quot;sizes&quot;:[]},&quot;classic_row_gap_mobile&quot;:{&quot;unit&quot;:&quot;px&quot;,&quot;size&quot;:&quot;&quot;,&quot;sizes&quot;:[]},&quot;load_more_spinner&quot;:{&quot;value&quot;:&quot;fas fa-spinner&quot;,&quot;library&quot;:&quot;fa-solid&quot;}}\" data-widget_type=\"posts.classic\">\n\t\t\t\t<div class=\"elementor-widget-container\">\n\t\t\t<link rel=\"stylesheet\" href=\"https:\/\/elismagalhaes.com.br\/wp-content\/plugins\/elementor-pro\/assets\/css\/widget-posts.min.css\">\t\t<div class=\"elementor-posts-container elementor-posts elementor-posts--skin-classic elementor-grid\">\n\t\t\t\t<article class=\"elementor-post elementor-grid-item post-741 post type-post status-publish format-standard has-post-thumbnail hentry category-blog entry has-media\">\n\t\t\t\t<a class=\"elementor-post__thumbnail__link\" href=\"https:\/\/elismagalhaes.com.br\/index.php\/2025\/09\/22\/festa-do-ibr-uma-tarde-de-conexoes-e-inspiracao\/\" tabindex=\"-1\" >\n\t\t\t<div class=\"elementor-post__thumbnail\"><img fetchpriority=\"high\" decoding=\"async\" width=\"2048\" height=\"1365\" src=\"https:\/\/elismagalhaes.com.br\/wp-content\/uploads\/2025\/09\/Festa-IBR.jpg\" class=\"attachment-full size-full wp-image-742\" alt=\"\" srcset=\"https:\/\/elismagalhaes.com.br\/wp-content\/uploads\/2025\/09\/Festa-IBR.jpg 2048w, https:\/\/elismagalhaes.com.br\/wp-content\/uploads\/2025\/09\/Festa-IBR-300x200.jpg 300w, https:\/\/elismagalhaes.com.br\/wp-content\/uploads\/2025\/09\/Festa-IBR-1024x683.jpg 1024w, https:\/\/elismagalhaes.com.br\/wp-content\/uploads\/2025\/09\/Festa-IBR-768x512.jpg 768w, https:\/\/elismagalhaes.com.br\/wp-content\/uploads\/2025\/09\/Festa-IBR-1536x1024.jpg 1536w\" sizes=\"(max-width: 2048px) 100vw, 2048px\" \/><\/div>\n\t\t<\/a>\n\t\t\t\t<div class=\"elementor-post__text\">\n\t\t\t\t<h2 class=\"elementor-post__title\">\n\t\t\t<a href=\"https:\/\/elismagalhaes.com.br\/index.php\/2025\/09\/22\/festa-do-ibr-uma-tarde-de-conexoes-e-inspiracao\/\" >\n\t\t\t\tFesta do IBR: Uma Tarde de Conex\u00f5es e Inspira\u00e7\u00e3o\t\t\t<\/a>\n\t\t<\/h2>\n\t\t\t\t<div class=\"elementor-post__excerpt\">\n\t\t\t<p>No dia 04 de fevereiro de 2025, vivi uma tarde inesquec\u00edvel no Restaurante Casa Capim Santo, localizado dentro do Instituto Tomie Ohtake. A festa, promovida<\/p>\n\t\t<\/div>\n\t\t\n\t\t<a class=\"elementor-post__read-more\" href=\"https:\/\/elismagalhaes.com.br\/index.php\/2025\/09\/22\/festa-do-ibr-uma-tarde-de-conexoes-e-inspiracao\/\" aria-label=\"Read more about Festa do IBR: Uma Tarde de Conex\u00f5es e Inspira\u00e7\u00e3o\" tabindex=\"-1\" >\n\t\t\tLer mais \t\t<\/a>\n\n\t\t\t\t<\/div>\n\t\t\t\t<\/article>\n\t\t\t\t<article class=\"elementor-post elementor-grid-item post-738 post type-post status-publish format-standard has-post-thumbnail hentry category-blog entry has-media\">\n\t\t\t\t<a class=\"elementor-post__thumbnail__link\" href=\"https:\/\/elismagalhaes.com.br\/index.php\/2025\/09\/22\/ebulicao-2025-tres-dias-de-inspiracao-conexoes-e-aprendizado\/\" tabindex=\"-1\" >\n\t\t\t<div class=\"elementor-post__thumbnail\"><img decoding=\"async\" width=\"1280\" height=\"853\" src=\"https:\/\/elismagalhaes.com.br\/wp-content\/uploads\/2025\/09\/EBULICAO.jpg\" class=\"attachment-full size-full wp-image-739\" alt=\"\" srcset=\"https:\/\/elismagalhaes.com.br\/wp-content\/uploads\/2025\/09\/EBULICAO.jpg 1280w, https:\/\/elismagalhaes.com.br\/wp-content\/uploads\/2025\/09\/EBULICAO-300x200.jpg 300w, https:\/\/elismagalhaes.com.br\/wp-content\/uploads\/2025\/09\/EBULICAO-1024x682.jpg 1024w, https:\/\/elismagalhaes.com.br\/wp-content\/uploads\/2025\/09\/EBULICAO-768x512.jpg 768w\" sizes=\"(max-width: 1280px) 100vw, 1280px\" \/><\/div>\n\t\t<\/a>\n\t\t\t\t<div class=\"elementor-post__text\">\n\t\t\t\t<h2 class=\"elementor-post__title\">\n\t\t\t<a href=\"https:\/\/elismagalhaes.com.br\/index.php\/2025\/09\/22\/ebulicao-2025-tres-dias-de-inspiracao-conexoes-e-aprendizado\/\" >\n\t\t\t\tEbuli\u00e7\u00e3o 2025: Tr\u00eas Dias de Inspira\u00e7\u00e3o, Conex\u00f5es e Aprendizado\t\t\t<\/a>\n\t\t<\/h2>\n\t\t\t\t<div class=\"elementor-post__excerpt\">\n\t\t\t<p>Nos dias 30 e 31 de janeiro e 01 de fevereiro de 2025, vivi uma experi\u00eancia inesquec\u00edvel no Ebuli\u00e7\u00e3o 2025. Foram tr\u00eas dias intensos de<\/p>\n\t\t<\/div>\n\t\t\n\t\t<a class=\"elementor-post__read-more\" href=\"https:\/\/elismagalhaes.com.br\/index.php\/2025\/09\/22\/ebulicao-2025-tres-dias-de-inspiracao-conexoes-e-aprendizado\/\" aria-label=\"Read more about Ebuli\u00e7\u00e3o 2025: Tr\u00eas Dias de Inspira\u00e7\u00e3o, Conex\u00f5es e Aprendizado\" tabindex=\"-1\" >\n\t\t\tLer mais \t\t<\/a>\n\n\t\t\t\t<\/div>\n\t\t\t\t<\/article>\n\t\t\t\t<article class=\"elementor-post elementor-grid-item post-718 post type-post status-publish format-standard has-post-thumbnail hentry category-blog entry has-media\">\n\t\t\t\t<a class=\"elementor-post__thumbnail__link\" href=\"https:\/\/elismagalhaes.com.br\/index.php\/2025\/01\/08\/uma-noite-de-excelencia-no-theatro-municipal\/\" tabindex=\"-1\" >\n\t\t\t<div class=\"elementor-post__thumbnail\"><img decoding=\"async\" width=\"2048\" height=\"1365\" src=\"https:\/\/elismagalhaes.com.br\/wp-content\/uploads\/2025\/01\/premio.jpg\" class=\"attachment-full size-full wp-image-719\" alt=\"\" srcset=\"https:\/\/elismagalhaes.com.br\/wp-content\/uploads\/2025\/01\/premio.jpg 2048w, https:\/\/elismagalhaes.com.br\/wp-content\/uploads\/2025\/01\/premio-300x200.jpg 300w, https:\/\/elismagalhaes.com.br\/wp-content\/uploads\/2025\/01\/premio-1024x683.jpg 1024w, https:\/\/elismagalhaes.com.br\/wp-content\/uploads\/2025\/01\/premio-768x512.jpg 768w, https:\/\/elismagalhaes.com.br\/wp-content\/uploads\/2025\/01\/premio-1536x1024.jpg 1536w\" sizes=\"(max-width: 2048px) 100vw, 2048px\" \/><\/div>\n\t\t<\/a>\n\t\t\t\t<div class=\"elementor-post__text\">\n\t\t\t\t<h2 class=\"elementor-post__title\">\n\t\t\t<a href=\"https:\/\/elismagalhaes.com.br\/index.php\/2025\/01\/08\/uma-noite-de-excelencia-no-theatro-municipal\/\" >\n\t\t\t\tUma Noite de Excel\u00eancia no Theatro Municipal\t\t\t<\/a>\n\t\t<\/h2>\n\t\t\t\t<div class=\"elementor-post__excerpt\">\n\t\t\t<p>No dia 02 de dezembro de 2024, tive a alegria e o privil\u00e9gio de prestigiar minha querida amiga Maria Cecilia Parasmo, que foi reconhecida no<\/p>\n\t\t<\/div>\n\t\t\n\t\t<a class=\"elementor-post__read-more\" href=\"https:\/\/elismagalhaes.com.br\/index.php\/2025\/01\/08\/uma-noite-de-excelencia-no-theatro-municipal\/\" aria-label=\"Read more about Uma Noite de Excel\u00eancia no Theatro Municipal\" tabindex=\"-1\" >\n\t\t\tLer mais \t\t<\/a>\n\n\t\t\t\t<\/div>\n\t\t\t\t<\/article>\n\t\t\t\t<article class=\"elementor-post elementor-grid-item post-715 post type-post status-publish format-standard has-post-thumbnail hentry category-blog entry has-media\">\n\t\t\t\t<a class=\"elementor-post__thumbnail__link\" href=\"https:\/\/elismagalhaes.com.br\/index.php\/2025\/01\/08\/registro-da-formatura-do-instituto-capim-santo-projeto-cozinha-do-amanha-sp\/\" tabindex=\"-1\" >\n\t\t\t<div class=\"elementor-post__thumbnail\"><img loading=\"lazy\" decoding=\"async\" width=\"2048\" height=\"1365\" src=\"https:\/\/elismagalhaes.com.br\/wp-content\/uploads\/2025\/01\/formatura.jpg\" class=\"attachment-full size-full wp-image-716\" alt=\"\" srcset=\"https:\/\/elismagalhaes.com.br\/wp-content\/uploads\/2025\/01\/formatura.jpg 2048w, https:\/\/elismagalhaes.com.br\/wp-content\/uploads\/2025\/01\/formatura-300x200.jpg 300w, https:\/\/elismagalhaes.com.br\/wp-content\/uploads\/2025\/01\/formatura-1024x683.jpg 1024w, https:\/\/elismagalhaes.com.br\/wp-content\/uploads\/2025\/01\/formatura-768x512.jpg 768w, https:\/\/elismagalhaes.com.br\/wp-content\/uploads\/2025\/01\/formatura-1536x1024.jpg 1536w\" sizes=\"(max-width: 2048px) 100vw, 2048px\" \/><\/div>\n\t\t<\/a>\n\t\t\t\t<div class=\"elementor-post__text\">\n\t\t\t\t<h2 class=\"elementor-post__title\">\n\t\t\t<a href=\"https:\/\/elismagalhaes.com.br\/index.php\/2025\/01\/08\/registro-da-formatura-do-instituto-capim-santo-projeto-cozinha-do-amanha-sp\/\" >\n\t\t\t\tRegistro da Formatura do Instituto Capim Santo &#8211; Projeto Cozinha do Amanh\u00e3 SP\t\t\t<\/a>\n\t\t<\/h2>\n\t\t\t\t<div class=\"elementor-post__excerpt\">\n\t\t\t<p>No dia 29 de novembro de 2024, tivemos o privil\u00e9gio de fotografar a emocionante formatura do Instituto Capim Santo, realizada na Faculdade Anhembi Morumbi. O<\/p>\n\t\t<\/div>\n\t\t\n\t\t<a class=\"elementor-post__read-more\" href=\"https:\/\/elismagalhaes.com.br\/index.php\/2025\/01\/08\/registro-da-formatura-do-instituto-capim-santo-projeto-cozinha-do-amanha-sp\/\" aria-label=\"Read more about Registro da Formatura do Instituto Capim Santo &#8211; Projeto Cozinha do Amanh\u00e3 SP\" tabindex=\"-1\" >\n\t\t\tLer mais \t\t<\/a>\n\n\t\t\t\t<\/div>\n\t\t\t\t<\/article>\n\t\t\t\t<article class=\"elementor-post elementor-grid-item post-712 post type-post status-publish format-standard has-post-thumbnail hentry category-blog entry has-media\">\n\t\t\t\t<a class=\"elementor-post__thumbnail__link\" href=\"https:\/\/elismagalhaes.com.br\/index.php\/2025\/01\/08\/registro-do-premio-cozinhas-infancias-no-anhembi\/\" tabindex=\"-1\" >\n\t\t\t<div class=\"elementor-post__thumbnail\"><img loading=\"lazy\" decoding=\"async\" width=\"2560\" height=\"1707\" src=\"https:\/\/elismagalhaes.com.br\/wp-content\/uploads\/2025\/01\/IMG_7542-scaled.jpg\" class=\"attachment-full size-full wp-image-713\" alt=\"\" srcset=\"https:\/\/elismagalhaes.com.br\/wp-content\/uploads\/2025\/01\/IMG_7542-scaled.jpg 2560w, https:\/\/elismagalhaes.com.br\/wp-content\/uploads\/2025\/01\/IMG_7542-300x200.jpg 300w, https:\/\/elismagalhaes.com.br\/wp-content\/uploads\/2025\/01\/IMG_7542-1024x683.jpg 1024w, https:\/\/elismagalhaes.com.br\/wp-content\/uploads\/2025\/01\/IMG_7542-768x512.jpg 768w, https:\/\/elismagalhaes.com.br\/wp-content\/uploads\/2025\/01\/IMG_7542-1536x1024.jpg 1536w, https:\/\/elismagalhaes.com.br\/wp-content\/uploads\/2025\/01\/IMG_7542-2048x1365.jpg 2048w\" sizes=\"(max-width: 2560px) 100vw, 2560px\" \/><\/div>\n\t\t<\/a>\n\t\t\t\t<div class=\"elementor-post__text\">\n\t\t\t\t<h2 class=\"elementor-post__title\">\n\t\t\t<a href=\"https:\/\/elismagalhaes.com.br\/index.php\/2025\/01\/08\/registro-do-premio-cozinhas-infancias-no-anhembi\/\" >\n\t\t\t\tRegistro do Pr\u00eamio Cozinhas &#038; Inf\u00e2ncias no Anhembi\t\t\t<\/a>\n\t\t<\/h2>\n\t\t\t\t<div class=\"elementor-post__excerpt\">\n\t\t\t<p>No dia 27 de novembro de 2024, tivemos a honra de fotografar o Pr\u00eamio Cozinhas &amp; Inf\u00e2ncias, realizado no Anhembi. O evento, que celebra projetos<\/p>\n\t\t<\/div>\n\t\t\n\t\t<a class=\"elementor-post__read-more\" href=\"https:\/\/elismagalhaes.com.br\/index.php\/2025\/01\/08\/registro-do-premio-cozinhas-infancias-no-anhembi\/\" aria-label=\"Read more about Registro do Pr\u00eamio Cozinhas &#038; Inf\u00e2ncias no Anhembi\" tabindex=\"-1\" >\n\t\t\tLer mais \t\t<\/a>\n\n\t\t\t\t<\/div>\n\t\t\t\t<\/article>\n\t\t\t\t<article class=\"elementor-post elementor-grid-item post-709 post type-post status-publish format-standard has-post-thumbnail hentry category-blog entry has-media\">\n\t\t\t\t<a class=\"elementor-post__thumbnail__link\" href=\"https:\/\/elismagalhaes.com.br\/index.php\/2025\/01\/08\/homenagem-ao-compromisso-filantropico-de-davi-marim-no-46o-bpm-m\/\" tabindex=\"-1\" >\n\t\t\t<div class=\"elementor-post__thumbnail\"><img loading=\"lazy\" decoding=\"async\" width=\"1280\" height=\"853\" src=\"https:\/\/elismagalhaes.com.br\/wp-content\/uploads\/2025\/01\/premiacao-davi.jpg\" class=\"attachment-full size-full wp-image-710\" alt=\"\" srcset=\"https:\/\/elismagalhaes.com.br\/wp-content\/uploads\/2025\/01\/premiacao-davi.jpg 1280w, https:\/\/elismagalhaes.com.br\/wp-content\/uploads\/2025\/01\/premiacao-davi-300x200.jpg 300w, https:\/\/elismagalhaes.com.br\/wp-content\/uploads\/2025\/01\/premiacao-davi-1024x682.jpg 1024w, https:\/\/elismagalhaes.com.br\/wp-content\/uploads\/2025\/01\/premiacao-davi-768x512.jpg 768w\" sizes=\"(max-width: 1280px) 100vw, 1280px\" \/><\/div>\n\t\t<\/a>\n\t\t\t\t<div class=\"elementor-post__text\">\n\t\t\t\t<h2 class=\"elementor-post__title\">\n\t\t\t<a href=\"https:\/\/elismagalhaes.com.br\/index.php\/2025\/01\/08\/homenagem-ao-compromisso-filantropico-de-davi-marim-no-46o-bpm-m\/\" >\n\t\t\t\tHomenagem ao Compromisso Filantr\u00f3pico de Davi Marim no 46\u00ba BPM\/M\t\t\t<\/a>\n\t\t<\/h2>\n\t\t\t\t<div class=\"elementor-post__excerpt\">\n\t\t\t<p>No dia 27 de novembro de 2024, tive a honra de acompanhar e registrar um momento marcante na trajet\u00f3ria de Davi Marim. Ele foi homenageado<\/p>\n\t\t<\/div>\n\t\t\n\t\t<a class=\"elementor-post__read-more\" href=\"https:\/\/elismagalhaes.com.br\/index.php\/2025\/01\/08\/homenagem-ao-compromisso-filantropico-de-davi-marim-no-46o-bpm-m\/\" aria-label=\"Read more about Homenagem ao Compromisso Filantr\u00f3pico de Davi Marim no 46\u00ba BPM\/M\" tabindex=\"-1\" >\n\t\t\tLer mais \t\t<\/a>\n\n\t\t\t\t<\/div>\n\t\t\t\t<\/article>\n\t\t\t\t<\/div>\n\t\t\t\t\t<span class=\"e-load-more-spinner\">\n\t\t\t\t<svg aria-hidden=\"true\" class=\"e-font-icon-svg e-fas-spinner\" viewBox=\"0 0 512 512\" xmlns=\"http:\/\/www.w3.org\/2000\/svg\"><path d=\"M304 48c0 26.51-21.49 48-48 48s-48-21.49-48-48 21.49-48 48-48 48 21.49 48 48zm-48 368c-26.51 0-48 21.49-48 48s21.49 48 48 48 48-21.49 48-48-21.49-48-48-48zm208-208c-26.51 0-48 21.49-48 48s21.49 48 48 48 48-21.49 48-48-21.49-48-48-48zM96 256c0-26.51-21.49-48-48-48S0 229.49 0 256s21.49 48 48 48 48-21.49 48-48zm12.922 99.078c-26.51 0-48 21.49-48 48s21.49 48 48 48 48-21.49 48-48c0-26.509-21.491-48-48-48zm294.156 0c-26.51 0-48 21.49-48 48s21.49 48 48 48 48-21.49 48-48c0-26.509-21.49-48-48-48zM108.922 60.922c-26.51 0-48 21.49-48 48s21.49 48 48 48 48-21.49 48-48-21.491-48-48-48z\"><\/path><\/svg>\t\t\t<\/span>\n\t\t\n\t\t\t\t<div class=\"e-load-more-anchor\" data-page=\"1\" data-max-page=\"7\" data-next-page=\"https:\/\/elismagalhaes.com.br\/index.php\/wp-json\/wp\/v2\/pages\/499\/page\/2\/\"><\/div>\n\t\t\t\t<div class=\"e-load-more-message\"><\/div>\n\t\t\t\t<\/div>\n\t\t\t\t<\/div>\n\t\t\t\t\t<\/div>\n\t\t\t\t<\/div>\n\t\t\t\t<\/div>\n\t\t","protected":false},"excerpt":{"rendered":"<p>Blog<\/p>\n","protected":false},"author":1,"featured_media":0,"parent":0,"menu_order":0,"comment_status":"closed","ping_status":"closed","template":"elementor_header_footer","meta":{"footnotes":""},"_links":{"self":[{"href":"https:\/\/elismagalhaes.com.br\/index.php\/wp-json\/wp\/v2\/pages\/499"}],"collection":[{"href":"https:\/\/elismagalhaes.com.br\/index.php\/wp-json\/wp\/v2\/pages"}],"about":[{"href":"https:\/\/elismagalhaes.com.br\/index.php\/wp-json\/wp\/v2\/types\/page"}],"author":[{"embeddable":true,"href":"https:\/\/elismagalhaes.com.br\/index.php\/wp-json\/wp\/v2\/users\/1"}],"replies":[{"embeddable":true,"href":"https:\/\/elismagalhaes.com.br\/index.php\/wp-json\/wp\/v2\/comments?post=499"}],"version-history":[{"count":11,"href":"https:\/\/elismagalhaes.com.br\/index.php\/wp-json\/wp\/v2\/pages\/499\/revisions"}],"predecessor-version":[{"id":723,"href":"https:\/\/elismagalhaes.com.br\/index.php\/wp-json\/wp\/v2\/pages\/499\/revisions\/723"}],"wp:attachment":[{"href":"https:\/\/elismagalhaes.com.br\/index.php\/wp-json\/wp\/v2\/media?parent=499"}],"curies":[{"name":"wp","href":"https:\/\/api.w.org\/{rel}","templated":true}]}}